{"id":1023,"date":"2024-12-13T17:04:40","date_gmt":"2024-12-13T17:04:40","guid":{"rendered":"https:\/\/cfm.com.ec\/?page_id=1023"},"modified":"2024-12-13T18:34:10","modified_gmt":"2024-12-13T18:34:10","slug":"certificaciones","status":"publish","type":"page","link":"https:\/\/cfm.com.ec\/index.php\/certificaciones\/","title":{"rendered":"Certificaciones"},"content":{"rendered":"\t\t<div data-elementor-type=\"wp-page\" data-elementor-id=\"1023\" class=\"elementor elementor-1023\" data-elementor-post-type=\"page\">\n\t\t\t\t<div class=\"elementor-element elementor-element-ddbdc56 e-flex e-con-boxed e-con e-parent\" data-id=\"ddbdc56\" data-element_type=\"container\" data-e-type=\"container\" data-settings=\"{&quot;background_background&quot;:&quot;classic&quot;}\">\n\t\t\t\t\t<div class=\"e-con-inner\">\n\t\t\t\t<div class=\"elementor-element elementor-element-e6545a2 elementor-invisible elementor-widget elementor-widget-heading\" data-id=\"e6545a2\" data-element_type=\"widget\" data-e-type=\"widget\" data-settings=\"{&quot;_animation&quot;:&quot;fadeIn&quot;}\" data-widget_type=\"heading.default\">\n\t\t\t\t<div class=\"elementor-widget-container\">\n\t\t\t\t\t<h2 class=\"elementor-heading-title elementor-size-default\">Respaldo que impulsa tu futuro<\/h2>\t\t\t\t<\/div>\n\t\t\t\t<\/div>\n\t\t\t\t\t<\/div>\n\t\t\t\t<\/div>\n\t\t<div class=\"elementor-element elementor-element-b05fada e-flex e-con-boxed e-con e-parent\" data-id=\"b05fada\" data-element_type=\"container\" data-e-type=\"container\">\n\t\t\t\t\t<div class=\"e-con-inner\">\n\t\t\t\t<div class=\"elementor-element elementor-element-5a6f2e7 elementor-widget elementor-widget-heading\" data-id=\"5a6f2e7\" data-element_type=\"widget\" data-e-type=\"widget\" data-widget_type=\"heading.default\">\n\t\t\t\t<div class=\"elementor-widget-container\">\n\t\t\t\t\t<h2 class=\"elementor-heading-title elementor-size-default\">En el Centro de Capacitaci\u00f3n y Formaci\u00f3n Artesanal CFM, nos enorgullece ofrecer programas respaldados por instituciones reconocidas.<br> Cada certificaci\u00f3n que otorgamos garantiza que nuestros estudiantes poseen las habilidades y conocimientos necesarios para destacar en su campo.<\/h2>\t\t\t\t<\/div>\n\t\t\t\t<\/div>\n\t\t\t\t\t<\/div>\n\t\t\t\t<\/div>\n\t\t<div class=\"elementor-element elementor-element-2cccf12 e-flex e-con-boxed e-con e-parent\" data-id=\"2cccf12\" data-element_type=\"container\" data-e-type=\"container\">\n\t\t\t\t\t<div class=\"e-con-inner\">\n\t\t<div class=\"elementor-element elementor-element-7a4b8e1 e-con-full e-flex e-con e-child\" data-id=\"7a4b8e1\" data-element_type=\"container\" data-e-type=\"container\" data-settings=\"{&quot;background_background&quot;:&quot;classic&quot;}\">\n\t\t\t\t<\/div>\n\t\t\t\t\t<\/div>\n\t\t\t\t<\/div>\n\t\t<div class=\"elementor-element elementor-element-a8c60aa e-flex e-con-boxed e-con e-parent\" data-id=\"a8c60aa\" data-element_type=\"container\" data-e-type=\"container\" data-settings=\"{&quot;background_background&quot;:&quot;gradient&quot;}\">\n\t\t\t\t\t<div class=\"e-con-inner\">\n\t\t\t\t<div class=\"elementor-element elementor-element-6875466 elementor-widget elementor-widget-heading\" data-id=\"6875466\" data-element_type=\"widget\" data-e-type=\"widget\" data-widget_type=\"heading.default\">\n\t\t\t\t<div class=\"elementor-widget-container\">\n\t\t\t\t\t<h2 class=\"elementor-heading-title elementor-size-default\">Nuestros aliados en formaci\u00f3n certificada: <\/h2>\t\t\t\t<\/div>\n\t\t\t\t<\/div>\n\t\t\t\t<div class=\"elementor-element elementor-element-3b475cb elementor-widget elementor-widget-image\" data-id=\"3b475cb\" data-element_type=\"widget\" data-e-type=\"widget\" data-widget_type=\"image.default\">\n\t\t\t\t<div class=\"elementor-widget-container\">\n\t\t\t\t\t\t\t\t\t\t\t\t\t\t\t<img fetchpriority=\"high\" decoding=\"async\" width=\"800\" height=\"134\" src=\"https:\/\/cfm.com.ec\/wp-content\/uploads\/2024\/12\/Cosmetologia-3000-x-1000-px-3-1024x171.png\" class=\"attachment-large size-large wp-image-1042\" alt=\"\" srcset=\"https:\/\/cfm.com.ec\/wp-content\/uploads\/2024\/12\/Cosmetologia-3000-x-1000-px-3-1024x171.png 1024w, https:\/\/cfm.com.ec\/wp-content\/uploads\/2024\/12\/Cosmetologia-3000-x-1000-px-3-300x50.png 300w, https:\/\/cfm.com.ec\/wp-content\/uploads\/2024\/12\/Cosmetologia-3000-x-1000-px-3-768x128.png 768w, https:\/\/cfm.com.ec\/wp-content\/uploads\/2024\/12\/Cosmetologia-3000-x-1000-px-3-1536x256.png 1536w, https:\/\/cfm.com.ec\/wp-content\/uploads\/2024\/12\/Cosmetologia-3000-x-1000-px-3-2048x341.png 2048w\" sizes=\"(max-width: 800px) 100vw, 800px\" \/>\t\t\t\t\t\t\t\t\t\t\t\t\t\t\t<\/div>\n\t\t\t\t<\/div>\n\t\t\t\t\t<\/div>\n\t\t\t\t<\/div>\n\t\t<div class=\"elementor-element elementor-element-135965a8 e-con-full e-flex e-con e-parent\" data-id=\"135965a8\" data-element_type=\"container\" data-e-type=\"container\" data-settings=\"{&quot;background_background&quot;:&quot;gradient&quot;}\">\n\t\t<div class=\"elementor-element elementor-element-26d5d706 e-con-full e-flex e-con e-child\" data-id=\"26d5d706\" data-element_type=\"container\" data-e-type=\"container\">\n\t\t\t\t<div class=\"elementor-element elementor-element-4f55655d elementor-widget-divider--view-line elementor-invisible elementor-widget elementor-widget-divider\" data-id=\"4f55655d\" data-element_type=\"widget\" data-e-type=\"widget\" data-settings=\"{&quot;_animation&quot;:&quot;fadeInLeft&quot;}\" data-widget_type=\"divider.default\">\n\t\t\t\t<div class=\"elementor-widget-container\">\n\t\t\t\t\t\t\t<div class=\"elementor-divider\">\n\t\t\t<span class=\"elementor-divider-separator\">\n\t\t\t\t\t\t<\/span>\n\t\t<\/div>\n\t\t\t\t\t\t<\/div>\n\t\t\t\t<\/div>\n\t\t\t\t<div class=\"elementor-element elementor-element-dde8013 elementor-widget-tablet__width-inherit elementor-widget__width-initial elementor-widget elementor-widget-heading\" data-id=\"dde8013\" data-element_type=\"widget\" data-e-type=\"widget\" data-widget_type=\"heading.default\">\n\t\t\t\t<div class=\"elementor-widget-container\">\n\t\t\t\t\t<h2 class=\"elementor-heading-title elementor-size-default\">Proceso para obtener la certificaci\u00f3n<\/h2>\t\t\t\t<\/div>\n\t\t\t\t<\/div>\n\t\t\t\t<div class=\"elementor-element elementor-element-c20264f elementor-widget__width-initial elementor-widget elementor-widget-text-editor\" data-id=\"c20264f\" data-element_type=\"widget\" data-e-type=\"widget\" data-widget_type=\"text-editor.default\">\n\t\t\t\t<div class=\"elementor-widget-container\">\n\t\t\t\t\t\t\t\t\t<ul><li>Completar las horas requeridas del curso.<\/li><li>Aprobar evaluaciones te\u00f3ricas y pr\u00e1cticas.<\/li><li>Cumplir con la asistencia m\u00ednima.<\/li><\/ul>\t\t\t\t\t\t\t\t<\/div>\n\t\t\t\t<\/div>\n\t\t\t\t<\/div>\n\t\t<div class=\"elementor-element elementor-element-51cd4fe6 e-con-full e-flex e-con e-child\" data-id=\"51cd4fe6\" data-element_type=\"container\" data-e-type=\"container\">\n\t\t<div class=\"elementor-element elementor-element-7ed8af34 e-con-full e-flex e-con e-child\" data-id=\"7ed8af34\" data-element_type=\"container\" data-e-type=\"container\">\n\t\t\t\t<div class=\"elementor-element elementor-element-8488569 elementor-widget-divider--view-line elementor-invisible elementor-widget elementor-widget-divider\" data-id=\"8488569\" data-element_type=\"widget\" data-e-type=\"widget\" data-settings=\"{&quot;_animation&quot;:&quot;fadeInLeft&quot;}\" data-widget_type=\"divider.default\">\n\t\t\t\t<div class=\"elementor-widget-container\">\n\t\t\t\t\t\t\t<div class=\"elementor-divider\">\n\t\t\t<span class=\"elementor-divider-separator\">\n\t\t\t\t\t\t<\/span>\n\t\t<\/div>\n\t\t\t\t\t\t<\/div>\n\t\t\t\t<\/div>\n\t\t\t\t<div class=\"elementor-element elementor-element-cc7b925 elementor-widget elementor-widget-text-editor\" data-id=\"cc7b925\" data-element_type=\"widget\" data-e-type=\"widget\" data-widget_type=\"text-editor.default\">\n\t\t\t\t<div class=\"elementor-widget-container\">\n\t\t\t\t\t\t\t\t\t<p>Beneficios de las certificaciones<\/p>\t\t\t\t\t\t\t\t<\/div>\n\t\t\t\t<\/div>\n\t\t\t\t<div class=\"elementor-element elementor-element-0ae8304 elementor-widget elementor-widget-text-editor\" data-id=\"0ae8304\" data-element_type=\"widget\" data-e-type=\"widget\" data-widget_type=\"text-editor.default\">\n\t\t\t\t<div class=\"elementor-widget-container\">\n\t\t\t\t\t\t\t\t\t<ul><li>Reconocimiento en el mercado laboral.<\/li><li>Mejora en la hoja de vida.<\/li><li>Validaci\u00f3n oficial de competencias.<\/li><\/ul>\t\t\t\t\t\t\t\t<\/div>\n\t\t\t\t<\/div>\n\t\t\t\t<\/div>\n\t\t\t\t<\/div>\n\t\t\t\t<\/div>\n\t\t\t\t<\/div>\n\t\t","protected":false},"excerpt":{"rendered":"<p>Respaldo que impulsa tu futuro En el Centro de Capacitaci\u00f3n y Formaci\u00f3n Artesanal CFM, nos enorgullece ofrecer programas respaldados por instituciones reconocidas. Cada certificaci\u00f3n que otorgamos garantiza que nuestros estudiantes poseen las habilidades y conocimientos necesarios para destacar en su campo. Nuestros aliados en formaci\u00f3n certificada: Proceso para obtener la certificaci\u00f3n Completar las horas requeridas [&hellip;]<\/p>\n","protected":false},"author":1,"featured_media":0,"parent":0,"menu_order":0,"comment_status":"closed","ping_status":"closed","template":"elementor_theme","meta":{"footnotes":""},"class_list":["post-1023","page","type-page","status-publish","hentry"],"_links":{"self":[{"href":"https:\/\/cfm.com.ec\/index.php\/wp-json\/wp\/v2\/pages\/1023","targetHints":{"allow":["GET"]}}],"collection":[{"href":"https:\/\/cfm.com.ec\/index.php\/wp-json\/wp\/v2\/pages"}],"about":[{"href":"https:\/\/cfm.com.ec\/index.php\/wp-json\/wp\/v2\/types\/page"}],"author":[{"embeddable":true,"href":"https:\/\/cfm.com.ec\/index.php\/wp-json\/wp\/v2\/users\/1"}],"replies":[{"embeddable":true,"href":"https:\/\/cfm.com.ec\/index.php\/wp-json\/wp\/v2\/comments?post=1023"}],"version-history":[{"count":25,"href":"https:\/\/cfm.com.ec\/index.php\/wp-json\/wp\/v2\/pages\/1023\/revisions"}],"predecessor-version":[{"id":1075,"href":"https:\/\/cfm.com.ec\/index.php\/wp-json\/wp\/v2\/pages\/1023\/revisions\/1075"}],"wp:attachment":[{"href":"https:\/\/cfm.com.ec\/index.php\/wp-json\/wp\/v2\/media?parent=1023"}],"curies":[{"name":"wp","href":"https:\/\/api.w.org\/{rel}","templated":true}]}}