{"id":1493,"date":"2025-02-20T14:36:20","date_gmt":"2025-02-20T14:36:20","guid":{"rendered":"https:\/\/cfm.com.ec\/?page_id=1493"},"modified":"2026-04-15T20:38:46","modified_gmt":"2026-04-15T20:38:46","slug":"contactos","status":"publish","type":"page","link":"https:\/\/cfm.com.ec\/index.php\/contactos\/","title":{"rendered":"Contactos"},"content":{"rendered":"\t\t<div data-elementor-type=\"wp-page\" data-elementor-id=\"1493\" class=\"elementor elementor-1493\" data-elementor-post-type=\"page\">\n\t\t\t\t<div class=\"elementor-element elementor-element-7ab5e7d0 e-con-full e-flex e-con e-parent\" data-id=\"7ab5e7d0\" data-element_type=\"container\" data-e-type=\"container\">\n\t\t<div class=\"elementor-element elementor-element-76a46457 e-con-full e-flex e-con e-child\" data-id=\"76a46457\" data-element_type=\"container\" data-e-type=\"container\">\n\t\t\t\t<div class=\"elementor-element elementor-element-50509421 elementor-widget__width-initial elementor-widget elementor-widget-heading\" data-id=\"50509421\" data-element_type=\"widget\" data-e-type=\"widget\" data-widget_type=\"heading.default\">\n\t\t\t\t<div class=\"elementor-widget-container\">\n\t\t\t\t\t<h1 class=\"elementor-heading-title elementor-size-default\">Cont\u00e1ctanos<\/h1>\t\t\t\t<\/div>\n\t\t\t\t<\/div>\n\t\t\t\t<div class=\"elementor-element elementor-element-4ad912fb elementor-widget elementor-widget-text-editor\" data-id=\"4ad912fb\" data-element_type=\"widget\" data-e-type=\"widget\" data-widget_type=\"text-editor.default\">\n\t\t\t\t<div class=\"elementor-widget-container\">\n\t\t\t\t\t\t\t\t\t<p>\u00bfTienes preguntas sobre nuestros cursos o quieres inscribirte?\u00a0<\/p><p>\u00a1Estamos aqu\u00ed para ayudarte!<\/p>\t\t\t\t\t\t\t\t<\/div>\n\t\t\t\t<\/div>\n\t\t\t\t<div class=\"elementor-element elementor-element-5d8dad8 elementor-align-start elementor-mobile-align-center elementor-icon-list--layout-traditional elementor-list-item-link-full_width elementor-widget elementor-widget-icon-list\" data-id=\"5d8dad8\" data-element_type=\"widget\" data-e-type=\"widget\" data-widget_type=\"icon-list.default\">\n\t\t\t\t<div class=\"elementor-widget-container\">\n\t\t\t\t\t\t\t<ul class=\"elementor-icon-list-items\">\n\t\t\t\t\t\t\t<li class=\"elementor-icon-list-item\">\n\t\t\t\t\t\t\t\t\t\t<span class=\"elementor-icon-list-text\"><b>Tel\u00e9fono:<\/b> 0991344763<\/span>\n\t\t\t\t\t\t\t\t\t<\/li>\n\t\t\t\t\t\t\t\t<li class=\"elementor-icon-list-item\">\n\t\t\t\t\t\t\t\t\t\t<span class=\"elementor-icon-list-text\"><b>Email:<\/b> info@cfm.com.ec<\/span>\n\t\t\t\t\t\t\t\t\t<\/li>\n\t\t\t\t\t\t<\/ul>\n\t\t\t\t\t\t<\/div>\n\t\t\t\t<\/div>\n\t\t\t\t<\/div>\n\t\t<div class=\"elementor-element elementor-element-3091d226 e-con-full e-flex e-con e-child\" data-id=\"3091d226\" data-element_type=\"container\" data-e-type=\"container\">\n\t\t\t\t<div class=\"elementor-element elementor-element-7320d0d5 elementor-widget elementor-widget-image\" data-id=\"7320d0d5\" data-element_type=\"widget\" data-e-type=\"widget\" data-widget_type=\"image.default\">\n\t\t\t\t<div class=\"elementor-widget-container\">\n\t\t\t\t\t\t\t\t\t\t\t\t\t\t\t<img fetchpriority=\"high\" decoding=\"async\" width=\"800\" height=\"600\" src=\"https:\/\/cfm.com.ec\/wp-content\/uploads\/2024\/08\/WhatsApp-Image-2024-08-01-at-10.49.39-1024x768.jpeg\" class=\"attachment-large size-large wp-image-830\" alt=\"\" srcset=\"https:\/\/cfm.com.ec\/wp-content\/uploads\/2024\/08\/WhatsApp-Image-2024-08-01-at-10.49.39-1024x768.jpeg 1024w, https:\/\/cfm.com.ec\/wp-content\/uploads\/2024\/08\/WhatsApp-Image-2024-08-01-at-10.49.39-300x225.jpeg 300w, https:\/\/cfm.com.ec\/wp-content\/uploads\/2024\/08\/WhatsApp-Image-2024-08-01-at-10.49.39-768x576.jpeg 768w, https:\/\/cfm.com.ec\/wp-content\/uploads\/2024\/08\/WhatsApp-Image-2024-08-01-at-10.49.39-1536x1152.jpeg 1536w, https:\/\/cfm.com.ec\/wp-content\/uploads\/2024\/08\/WhatsApp-Image-2024-08-01-at-10.49.39-2048x1536.jpeg 2048w\" sizes=\"(max-width: 800px) 100vw, 800px\" \/>\t\t\t\t\t\t\t\t\t\t\t\t\t\t\t<\/div>\n\t\t\t\t<\/div>\n\t\t\t\t<\/div>\n\t\t\t\t<\/div>\n\t\t<div class=\"elementor-element elementor-element-37a234c e-flex e-con-boxed e-con e-parent\" data-id=\"37a234c\" data-element_type=\"container\" data-e-type=\"container\">\n\t\t\t\t\t<div class=\"e-con-inner\">\n\t\t\t\t<div class=\"elementor-element elementor-element-4f7be60 elementor-widget elementor-widget-heading\" data-id=\"4f7be60\" data-element_type=\"widget\" data-e-type=\"widget\" data-widget_type=\"heading.default\">\n\t\t\t\t<div class=\"elementor-widget-container\">\n\t\t\t\t\t<h1 class=\"elementor-heading-title elementor-size-default\">Conoce nuestras Sedes:<\/h1>\t\t\t\t<\/div>\n\t\t\t\t<\/div>\n\t\t\t\t\t<\/div>\n\t\t\t\t<\/div>\n\t\t<div class=\"elementor-element elementor-element-8e0c9f9 e-flex e-con-boxed e-con e-parent\" data-id=\"8e0c9f9\" data-element_type=\"container\" data-e-type=\"container\">\n\t\t\t\t\t<div class=\"e-con-inner\">\n\t\t<div class=\"elementor-element elementor-element-0f92074 e-con-full e-flex e-con e-child\" data-id=\"0f92074\" data-element_type=\"container\" data-e-type=\"container\">\n\t\t<div class=\"elementor-element elementor-element-be9b8ff e-con-full e-flex e-con e-child\" data-id=\"be9b8ff\" data-element_type=\"container\" data-e-type=\"container\" data-settings=\"{&quot;background_background&quot;:&quot;classic&quot;}\">\n\t\t\t\t<div class=\"elementor-element elementor-element-21161b2 elementor-widget elementor-widget-google_maps\" data-id=\"21161b2\" data-element_type=\"widget\" data-e-type=\"widget\" data-widget_type=\"google_maps.default\">\n\t\t\t\t<div class=\"elementor-widget-container\">\n\t\t\t\t\t\t\t<div class=\"elementor-custom-embed\">\n\t\t\t<iframe loading=\"lazy\"\n\t\t\t\t\tsrc=\"https:\/\/maps.google.com\/maps?q=254P%2B36%20Tena&#038;t=m&#038;z=17&#038;output=embed&#038;iwloc=near\"\n\t\t\t\t\ttitle=\"254P+36 Tena\"\n\t\t\t\t\taria-label=\"254P+36 Tena\"\n\t\t\t><\/iframe>\n\t\t<\/div>\n\t\t\t\t\t\t<\/div>\n\t\t\t\t<\/div>\n\t\t\t\t<\/div>\n\t\t<div class=\"elementor-element elementor-element-b5fd725 e-con-full e-flex e-con e-child\" data-id=\"b5fd725\" data-element_type=\"container\" data-e-type=\"container\">\n\t\t\t\t<div class=\"elementor-element elementor-element-60f53a5 elementor-widget elementor-widget-heading\" data-id=\"60f53a5\" data-element_type=\"widget\" data-e-type=\"widget\" data-widget_type=\"heading.default\">\n\t\t\t\t<div class=\"elementor-widget-container\">\n\t\t\t\t\t<h2 class=\"elementor-heading-title elementor-size-default\">Sede Matriz Tena<\/h2>\t\t\t\t<\/div>\n\t\t\t\t<\/div>\n\t\t\t\t<div class=\"elementor-element elementor-element-e028d39 elementor-widget elementor-widget-icon-box\" data-id=\"e028d39\" data-element_type=\"widget\" data-e-type=\"widget\" data-widget_type=\"icon-box.default\">\n\t\t\t\t<div class=\"elementor-widget-container\">\n\t\t\t\t\t\t\t<div class=\"elementor-icon-box-wrapper\">\n\n\t\t\t\n\t\t\t\t\t\t<div class=\"elementor-icon-box-content\">\n\n\t\t\t\t\t\t\t\t\t<h4 class=\"elementor-icon-box-title\">\n\t\t\t\t\t\t<span  >\n\t\t\t\t\t\t\tDirecci\u00f3n:\t\t\t\t\t\t<\/span>\n\t\t\t\t\t<\/h4>\n\t\t\t\t\n\t\t\t\t\t\t\t\t\t<p class=\"elementor-icon-box-description\">\n\t\t\t\t\t\tCalle Cesar Augusto Rueda, Tena 150101\t\t\t\t\t<\/p>\n\t\t\t\t\n\t\t\t<\/div>\n\t\t\t\n\t\t<\/div>\n\t\t\t\t\t\t<\/div>\n\t\t\t\t<\/div>\n\t\t\t\t<\/div>\n\t\t\t\t<\/div>\n\t\t<div class=\"elementor-element elementor-element-ad30a6f e-con-full e-flex e-con e-child\" data-id=\"ad30a6f\" data-element_type=\"container\" data-e-type=\"container\">\n\t\t<div class=\"elementor-element elementor-element-690648d e-con-full e-flex e-con e-child\" data-id=\"690648d\" data-element_type=\"container\" data-e-type=\"container\" data-settings=\"{&quot;background_background&quot;:&quot;classic&quot;}\">\n\t\t\t\t<div class=\"elementor-element elementor-element-a4dac0c elementor-widget elementor-widget-google_maps\" data-id=\"a4dac0c\" data-element_type=\"widget\" data-e-type=\"widget\" data-widget_type=\"google_maps.default\">\n\t\t\t\t<div class=\"elementor-widget-container\">\n\t\t\t\t\t\t\t<div class=\"elementor-custom-embed\">\n\t\t\t<iframe loading=\"lazy\"\n\t\t\t\t\tsrc=\"https:\/\/maps.google.com\/maps?q=254P%2B7G%20Tena&#038;t=m&#038;z=17&#038;output=embed&#038;iwloc=near\"\n\t\t\t\t\ttitle=\"254P+7G Tena\"\n\t\t\t\t\taria-label=\"254P+7G Tena\"\n\t\t\t><\/iframe>\n\t\t<\/div>\n\t\t\t\t\t\t<\/div>\n\t\t\t\t<\/div>\n\t\t\t\t<\/div>\n\t\t<div class=\"elementor-element elementor-element-64cebb5 e-con-full e-flex e-con e-child\" data-id=\"64cebb5\" data-element_type=\"container\" data-e-type=\"container\">\n\t\t\t\t<div class=\"elementor-element elementor-element-1f2db5b elementor-widget elementor-widget-heading\" data-id=\"1f2db5b\" data-element_type=\"widget\" data-e-type=\"widget\" data-widget_type=\"heading.default\">\n\t\t\t\t<div class=\"elementor-widget-container\">\n\t\t\t\t\t<h2 class=\"elementor-heading-title elementor-size-default\">Sede Tena<\/h2>\t\t\t\t<\/div>\n\t\t\t\t<\/div>\n\t\t\t\t<div class=\"elementor-element elementor-element-379df89 elementor-widget elementor-widget-icon-box\" data-id=\"379df89\" data-element_type=\"widget\" data-e-type=\"widget\" data-widget_type=\"icon-box.default\">\n\t\t\t\t<div class=\"elementor-widget-container\">\n\t\t\t\t\t\t\t<div class=\"elementor-icon-box-wrapper\">\n\n\t\t\t\n\t\t\t\t\t\t<div class=\"elementor-icon-box-content\">\n\n\t\t\t\t\t\t\t\t\t<h4 class=\"elementor-icon-box-title\">\n\t\t\t\t\t\t<span  >\n\t\t\t\t\t\t\tDirecci\u00f3n:\t\t\t\t\t\t<\/span>\n\t\t\t\t\t<\/h4>\n\t\t\t\t\n\t\t\t\t\t\t\t\t\t<p class=\"elementor-icon-box-description\">\n\t\t\t\t\t\tEdificio color naranja, Av. 15 de Noviembre, y, Tena 150101\t\t\t\t\t<\/p>\n\t\t\t\t\n\t\t\t<\/div>\n\t\t\t\n\t\t<\/div>\n\t\t\t\t\t\t<\/div>\n\t\t\t\t<\/div>\n\t\t\t\t<\/div>\n\t\t\t\t<\/div>\n\t\t\t\t\t<\/div>\n\t\t\t\t<\/div>\n\t\t<div class=\"elementor-element elementor-element-91d91e4 e-flex e-con-boxed e-con e-parent\" data-id=\"91d91e4\" data-element_type=\"container\" data-e-type=\"container\">\n\t\t\t\t\t<div class=\"e-con-inner\">\n\t\t<div class=\"elementor-element elementor-element-fb87215 e-con-full e-flex e-con e-child\" data-id=\"fb87215\" data-element_type=\"container\" data-e-type=\"container\">\n\t\t<div class=\"elementor-element elementor-element-5360ca7 e-con-full e-flex e-con e-child\" data-id=\"5360ca7\" data-element_type=\"container\" data-e-type=\"container\" data-settings=\"{&quot;background_background&quot;:&quot;classic&quot;}\">\n\t\t\t\t<div class=\"elementor-element elementor-element-72da39b elementor-widget elementor-widget-google_maps\" data-id=\"72da39b\" data-element_type=\"widget\" data-e-type=\"widget\" data-widget_type=\"google_maps.default\">\n\t\t\t\t<div class=\"elementor-widget-container\">\n\t\t\t\t\t\t\t<div class=\"elementor-custom-embed\">\n\t\t\t<iframe loading=\"lazy\"\n\t\t\t\t\tsrc=\"https:\/\/maps.google.com\/maps?q=35JM%2BVG%20Archidona&#038;t=m&#038;z=17&#038;output=embed&#038;iwloc=near\"\n\t\t\t\t\ttitle=\"35JM+VG Archidona\"\n\t\t\t\t\taria-label=\"35JM+VG Archidona\"\n\t\t\t><\/iframe>\n\t\t<\/div>\n\t\t\t\t\t\t<\/div>\n\t\t\t\t<\/div>\n\t\t\t\t<\/div>\n\t\t<div class=\"elementor-element elementor-element-8283634 e-con-full e-flex e-con e-child\" data-id=\"8283634\" data-element_type=\"container\" data-e-type=\"container\">\n\t\t\t\t<div class=\"elementor-element elementor-element-25fc77a elementor-widget elementor-widget-heading\" data-id=\"25fc77a\" data-element_type=\"widget\" data-e-type=\"widget\" data-widget_type=\"heading.default\">\n\t\t\t\t<div class=\"elementor-widget-container\">\n\t\t\t\t\t<h2 class=\"elementor-heading-title elementor-size-default\">Sede Archidona<\/h2>\t\t\t\t<\/div>\n\t\t\t\t<\/div>\n\t\t\t\t<div class=\"elementor-element elementor-element-86faca4 elementor-widget elementor-widget-icon-box\" data-id=\"86faca4\" data-element_type=\"widget\" data-e-type=\"widget\" data-widget_type=\"icon-box.default\">\n\t\t\t\t<div class=\"elementor-widget-container\">\n\t\t\t\t\t\t\t<div class=\"elementor-icon-box-wrapper\">\n\n\t\t\t\n\t\t\t\t\t\t<div class=\"elementor-icon-box-content\">\n\n\t\t\t\t\t\t\t\t\t<h4 class=\"elementor-icon-box-title\">\n\t\t\t\t\t\t<span  >\n\t\t\t\t\t\t\tDirecci\u00f3n:\t\t\t\t\t\t<\/span>\n\t\t\t\t\t<\/h4>\n\t\t\t\t\n\t\t\t\t\t\t\t\t\t<p class=\"elementor-icon-box-description\">\n\t\t\t\t\t\tBarrio San Agust\u00edn, Calle 18 y Transversal 2 \t\t\t\t\t<\/p>\n\t\t\t\t\n\t\t\t<\/div>\n\t\t\t\n\t\t<\/div>\n\t\t\t\t\t\t<\/div>\n\t\t\t\t<\/div>\n\t\t\t\t<\/div>\n\t\t\t\t<\/div>\n\t\t<div class=\"elementor-element elementor-element-5598bfe e-con-full e-flex e-con e-child\" data-id=\"5598bfe\" data-element_type=\"container\" data-e-type=\"container\">\n\t\t<div class=\"elementor-element elementor-element-3cc117d e-con-full e-flex e-con e-child\" data-id=\"3cc117d\" data-element_type=\"container\" data-e-type=\"container\" data-settings=\"{&quot;background_background&quot;:&quot;classic&quot;}\">\n\t\t\t\t<div class=\"elementor-element elementor-element-55ae027 elementor-widget elementor-widget-google_maps\" data-id=\"55ae027\" data-element_type=\"widget\" data-e-type=\"widget\" data-widget_type=\"google_maps.default\">\n\t\t\t\t<div class=\"elementor-widget-container\">\n\t\t\t\t\t\t\t<div class=\"elementor-custom-embed\">\n\t\t\t<iframe loading=\"lazy\"\n\t\t\t\t\tsrc=\"https:\/\/maps.google.com\/maps?q=QHPV%2B5V4%20Quito&#038;t=m&#038;z=17&#038;output=embed&#038;iwloc=near\"\n\t\t\t\t\ttitle=\"QHPV+5V4 Quito\"\n\t\t\t\t\taria-label=\"QHPV+5V4 Quito\"\n\t\t\t><\/iframe>\n\t\t<\/div>\n\t\t\t\t\t\t<\/div>\n\t\t\t\t<\/div>\n\t\t\t\t<\/div>\n\t\t<div class=\"elementor-element elementor-element-d824f56 e-con-full e-flex e-con e-child\" data-id=\"d824f56\" data-element_type=\"container\" data-e-type=\"container\">\n\t\t\t\t<div class=\"elementor-element elementor-element-6dcbdfc elementor-widget elementor-widget-heading\" data-id=\"6dcbdfc\" data-element_type=\"widget\" data-e-type=\"widget\" data-widget_type=\"heading.default\">\n\t\t\t\t<div class=\"elementor-widget-container\">\n\t\t\t\t\t<h2 class=\"elementor-heading-title elementor-size-default\">Sede Tumbaco<\/h2>\t\t\t\t<\/div>\n\t\t\t\t<\/div>\n\t\t\t\t<div class=\"elementor-element elementor-element-924b224 elementor-widget elementor-widget-icon-box\" data-id=\"924b224\" data-element_type=\"widget\" data-e-type=\"widget\" data-widget_type=\"icon-box.default\">\n\t\t\t\t<div class=\"elementor-widget-container\">\n\t\t\t\t\t\t\t<div class=\"elementor-icon-box-wrapper\">\n\n\t\t\t\n\t\t\t\t\t\t<div class=\"elementor-icon-box-content\">\n\n\t\t\t\t\t\t\t\t\t<h4 class=\"elementor-icon-box-title\">\n\t\t\t\t\t\t<span  >\n\t\t\t\t\t\t\tDirecci\u00f3n:\t\t\t\t\t\t<\/span>\n\t\t\t\t\t<\/h4>\n\t\t\t\t\n\t\t\t\t\t\t\t\t\t<p class=\"elementor-icon-box-description\">\n\t\t\t\t\t\tEugenio Espejo y Francisco de Vera (Frente al Almac\u00e9n Pica)\t\t\t\t\t<\/p>\n\t\t\t\t\n\t\t\t<\/div>\n\t\t\t\n\t\t<\/div>\n\t\t\t\t\t\t<\/div>\n\t\t\t\t<\/div>\n\t\t\t\t<\/div>\n\t\t\t\t<\/div>\n\t\t\t\t\t<\/div>\n\t\t\t\t<\/div>\n\t\t<div class=\"elementor-element elementor-element-fa727e6 e-grid e-con-boxed e-con e-parent\" data-id=\"fa727e6\" data-element_type=\"container\" data-e-type=\"container\">\n\t\t\t\t\t<div class=\"e-con-inner\">\n\t\t\t\t\t\t\t\n\t\t\t<img class=\"e-image-base \" \n\t\t\t\t\tdata-interaction-id=\"c015c4b\" \n\t\t \n\t\t \n\t\t\t\t\t\t\t\t\tid=\"24022\"\n\t\t\t\t\t\t\t\t\t\t\t\tsrc=\"https:\/\/cfm.com.ec\/wp-content\/uploads\/2026\/04\/PUYO-1.jpg-scaled.jpeg\"\n\t\t\t\t\t\t\t\t\t\t\t\twidth=\"2021\"\n\t\t\t\t\t\t\t\t\t\t\t\theight=\"2560\"\n\t\t\t\t\t\t\t\t\t\t\t\tsrcset=\"https:\/\/cfm.com.ec\/wp-content\/uploads\/2026\/04\/PUYO-1.jpg-scaled.jpeg 2021w, https:\/\/cfm.com.ec\/wp-content\/uploads\/2026\/04\/PUYO-1.jpg-237x300.jpeg 237w, https:\/\/cfm.com.ec\/wp-content\/uploads\/2026\/04\/PUYO-1.jpg-808x1024.jpeg 808w, https:\/\/cfm.com.ec\/wp-content\/uploads\/2026\/04\/PUYO-1.jpg-768x973.jpeg 768w, https:\/\/cfm.com.ec\/wp-content\/uploads\/2026\/04\/PUYO-1.jpg-1213x1536.jpeg 1213w, https:\/\/cfm.com.ec\/wp-content\/uploads\/2026\/04\/PUYO-1.jpg-1617x2048.jpeg 1617w\"\n\t\t\t\t\t\t\t\t\t\t\t\talt=\"\"\n\t\t\t\t\t\t\/>\n\t\t\t\t\t\t\t\t\n\t\t\t<img class=\"e-image-base \" \n\t\t\t\t\tdata-interaction-id=\"adc9e71\" \n\t\t \n\t\t \n\t\t\t\t\t\t\t\t\tid=\"24024\"\n\t\t\t\t\t\t\t\t\t\t\t\tsrc=\"https:\/\/cfm.com.ec\/wp-content\/uploads\/2026\/04\/TENA.jpg-1-scaled.jpeg\"\n\t\t\t\t\t\t\t\t\t\t\t\twidth=\"2021\"\n\t\t\t\t\t\t\t\t\t\t\t\theight=\"2560\"\n\t\t\t\t\t\t\t\t\t\t\t\tsrcset=\"https:\/\/cfm.com.ec\/wp-content\/uploads\/2026\/04\/TENA.jpg-1-scaled.jpeg 2021w, https:\/\/cfm.com.ec\/wp-content\/uploads\/2026\/04\/TENA.jpg-1-237x300.jpeg 237w, https:\/\/cfm.com.ec\/wp-content\/uploads\/2026\/04\/TENA.jpg-1-808x1024.jpeg 808w, https:\/\/cfm.com.ec\/wp-content\/uploads\/2026\/04\/TENA.jpg-1-768x973.jpeg 768w, https:\/\/cfm.com.ec\/wp-content\/uploads\/2026\/04\/TENA.jpg-1-1213x1536.jpeg 1213w, https:\/\/cfm.com.ec\/wp-content\/uploads\/2026\/04\/TENA.jpg-1-1617x2048.jpeg 1617w\"\n\t\t\t\t\t\t\t\t\t\t\t\talt=\"\"\n\t\t\t\t\t\t\/>\n\t\t\t\t\t\t\t\t\n\t\t\t<img class=\"e-image-base \" \n\t\t\t\t\tdata-interaction-id=\"8c1e603\" \n\t\t \n\t\t \n\t\t\t\t\t\t\t\t\tid=\"24023\"\n\t\t\t\t\t\t\t\t\t\t\t\tsrc=\"https:\/\/cfm.com.ec\/wp-content\/uploads\/2026\/04\/Sede-Tumbaco.png\"\n\t\t\t\t\t\t\t\t\t\t\t\twidth=\"1080\"\n\t\t\t\t\t\t\t\t\t\t\t\theight=\"1350\"\n\t\t\t\t\t\t\t\t\t\t\t\tsrcset=\"https:\/\/cfm.com.ec\/wp-content\/uploads\/2026\/04\/Sede-Tumbaco.png 1080w, https:\/\/cfm.com.ec\/wp-content\/uploads\/2026\/04\/Sede-Tumbaco-240x300.png 240w, https:\/\/cfm.com.ec\/wp-content\/uploads\/2026\/04\/Sede-Tumbaco-819x1024.png 819w, https:\/\/cfm.com.ec\/wp-content\/uploads\/2026\/04\/Sede-Tumbaco-768x960.png 768w\"\n\t\t\t\t\t\t\t\t\t\t\t\talt=\"\"\n\t\t\t\t\t\t\/>\n\t\t\t\t\t\t<\/div>\n\t\t\t\t<\/div>\n\t\t\t\t<\/div>\n\t\t","protected":false},"excerpt":{"rendered":"<p>Cont\u00e1ctanos \u00bfTienes preguntas sobre nuestros cursos o quieres inscribirte?\u00a0 \u00a1Estamos aqu\u00ed para ayudarte! Tel\u00e9fono: 0991344763 Email: info@cfm.com.ec Conoce nuestras Sedes: Sede Matriz Tena Direcci\u00f3n: Calle Cesar Augusto Rueda, Tena 150101 Sede Tena Direcci\u00f3n: Edificio color naranja, Av. 15 de Noviembre, y, Tena 150101 Sede Archidona Direcci\u00f3n: Barrio San Agust\u00edn, Calle 18 y Transversal 2 Sede [&hellip;]<\/p>\n","protected":false},"author":1,"featured_media":0,"parent":0,"menu_order":0,"comment_status":"closed","ping_status":"closed","template":"","meta":{"footnotes":""},"class_list":["post-1493","page","type-page","status-publish","hentry"],"_links":{"self":[{"href":"https:\/\/cfm.com.ec\/index.php\/wp-json\/wp\/v2\/pages\/1493","targetHints":{"allow":["GET"]}}],"collection":[{"href":"https:\/\/cfm.com.ec\/index.php\/wp-json\/wp\/v2\/pages"}],"about":[{"href":"https:\/\/cfm.com.ec\/index.php\/wp-json\/wp\/v2\/types\/page"}],"author":[{"embeddable":true,"href":"https:\/\/cfm.com.ec\/index.php\/wp-json\/wp\/v2\/users\/1"}],"replies":[{"embeddable":true,"href":"https:\/\/cfm.com.ec\/index.php\/wp-json\/wp\/v2\/comments?post=1493"}],"version-history":[{"count":16,"href":"https:\/\/cfm.com.ec\/index.php\/wp-json\/wp\/v2\/pages\/1493\/revisions"}],"predecessor-version":[{"id":24027,"href":"https:\/\/cfm.com.ec\/index.php\/wp-json\/wp\/v2\/pages\/1493\/revisions\/24027"}],"wp:attachment":[{"href":"https:\/\/cfm.com.ec\/index.php\/wp-json\/wp\/v2\/media?parent=1493"}],"curies":[{"name":"wp","href":"https:\/\/api.w.org\/{rel}","templated":true}]}}