{"id":23789,"date":"2026-01-20T17:20:34","date_gmt":"2026-01-20T17:20:34","guid":{"rendered":"https:\/\/cfm.com.ec\/?page_id=23789"},"modified":"2026-01-20T17:20:55","modified_gmt":"2026-01-20T17:20:55","slug":"excel-nivel-intermedio","status":"publish","type":"page","link":"https:\/\/cfm.com.ec\/index.php\/excel-nivel-intermedio\/","title":{"rendered":"EXCEL NIVEL INTERMEDIO"},"content":{"rendered":"\t\t<div data-elementor-type=\"wp-page\" data-elementor-id=\"23789\" class=\"elementor elementor-23789\" data-elementor-post-type=\"page\">\n\t\t\t\t<div class=\"elementor-element elementor-element-23b70e2 e-flex e-con-boxed e-con e-parent\" data-id=\"23b70e2\" data-element_type=\"container\" data-e-type=\"container\" data-settings=\"{&quot;background_background&quot;:&quot;gradient&quot;}\">\n\t\t\t\t\t<div class=\"e-con-inner\">\n\t\t\t\t<div class=\"elementor-element elementor-element-2f9df0f elementor-widget elementor-widget-heading\" data-id=\"2f9df0f\" data-element_type=\"widget\" data-e-type=\"widget\" data-widget_type=\"heading.default\">\n\t\t\t\t<div class=\"elementor-widget-container\">\n\t\t\t\t\t<h2 class=\"elementor-heading-title elementor-size-default\">CURSO - EXCEL NIVEL INTERMEDIO<\/h2>\t\t\t\t<\/div>\n\t\t\t\t<\/div>\n\t\t<div class=\"elementor-element elementor-element-ffba536 e-con-full e-flex e-con e-child\" data-id=\"ffba536\" data-element_type=\"container\" data-e-type=\"container\">\n\t\t\t\t<div class=\"elementor-element elementor-element-bfe2de1 elementor-widget elementor-widget-image\" data-id=\"bfe2de1\" data-element_type=\"widget\" data-e-type=\"widget\" data-widget_type=\"image.default\">\n\t\t\t\t<div class=\"elementor-widget-container\">\n\t\t\t\t\t\t\t\t\t\t\t\t\t\t\t<img decoding=\"async\" src=\"https:\/\/cfm.com.ec\/wp-content\/uploads\/2026\/01\/Mesa-de-trabajo-1.png\" title=\"\" alt=\"\" loading=\"lazy\" \/>\t\t\t\t\t\t\t\t\t\t\t\t\t\t\t<\/div>\n\t\t\t\t<\/div>\n\t\t\t\t<\/div>\n\t\t\t\t\t<\/div>\n\t\t\t\t<\/div>\n\t\t<div class=\"elementor-element elementor-element-4201bc7 e-flex e-con-boxed e-con e-parent\" data-id=\"4201bc7\" data-element_type=\"container\" data-e-type=\"container\">\n\t\t\t\t\t<div class=\"e-con-inner\">\n\t\t\t\t<div class=\"elementor-element elementor-element-b144ea3 elementor-widget elementor-widget-heading\" data-id=\"b144ea3\" data-element_type=\"widget\" data-e-type=\"widget\" data-widget_type=\"heading.default\">\n\t\t\t\t<div class=\"elementor-widget-container\">\n\t\t\t\t\t<h2 class=\"elementor-heading-title elementor-size-default\"><div data-id=\"2f95367\" data-element_type=\"widget\" data-widget_type=\"heading.default\" style=\"align-self: auto;flex: 0 1 auto;align-items: normal;flex-flow: row;gap: 20px;--widgets-spacing: 20px 20px;--widgets-spacing-row: 20px;--widgets-spacing-column: 20px;--kit-widget-spacing: 0px;text-align: center;max-width: 100%;font-family: Poppins, sans-serif;font-size: 16px;font-weight: 400;letter-spacing: normal\"><div style=\"height: 46.8021px\"><h2 style=\"text-align: center;font-family: Raleway, sans-serif;font-weight: 700;line-height: 46.8px;font-size: 39px;letter-spacing: -1.2px\"><span style=\"letter-spacing: -1.2px;text-align: start\">OBJETIVOS DEL CURSO<\/span><span style=\"letter-spacing: -1.2px;text-align: start\"><\/span><\/h2><\/div><\/div>Formar participantes competentes en el uso <span data-start=\"236\" data-end=\"269\">intermedio de Microsoft Excel<\/span>, fortaleciendo sus habilidades para analizar, procesar y presentar informaci\u00f3n mediante el uso de herramientas avanzadas de hojas de c\u00e1lculo, optimizando la toma de decisiones y la productividad en contextos acad\u00e9micos, administrativos y laborales.<\/h2>\t\t\t\t<\/div>\n\t\t\t\t<\/div>\n\t\t\t\t<div class=\"elementor-element elementor-element-90e39ae elementor-widget elementor-widget-heading\" data-id=\"90e39ae\" data-element_type=\"widget\" data-e-type=\"widget\" data-widget_type=\"heading.default\">\n\t\t\t\t<div class=\"elementor-widget-container\">\n\t\t\t\t\t<h2 class=\"elementor-heading-title elementor-size-default\"><div data-id=\"2f95367\" data-element_type=\"widget\" data-widget_type=\"heading.default\" style=\"align-self: auto;flex: 0 1 auto;align-items: normal;flex-flow: row;gap: 20px;--widgets-spacing: 20px 20px;--widgets-spacing-row: 20px;--widgets-spacing-column: 20px;--kit-widget-spacing: 0px;text-align: center;max-width: 100%;font-family: Poppins, sans-serif;font-size: 16px;font-weight: 400;letter-spacing: normal\"><div style=\"height: 46.8021px\"><h2 style=\"text-align: center;font-family: Raleway, sans-serif;font-weight: 700;line-height: 46.8px;font-size: 39px;letter-spacing: -1.2px\"><span style=\"letter-spacing: -1.2px;text-align: start\">OBJETIVOS ESPEC\u00cdFICOS<\/span><span style=\"letter-spacing: -1.2px;text-align: start\"><\/span><\/h2><div><span style=\"letter-spacing: -1.2px;text-align: start\"><br><\/span><\/div><div><br><\/div><\/div><\/div><li data-start=\"329\" data-end=\"379\"><p data-start=\"331\" data-end=\"379\">Identificar herramientas intermedias de Excel.<\/p><\/li><li data-start=\"380\" data-end=\"424\"><p data-start=\"382\" data-end=\"424\">Organizar datos usando tablas y filtros.<\/p><\/li><li data-start=\"425\" data-end=\"470\"><p data-start=\"427\" data-end=\"470\">Aplicar f\u00f3rmulas y funciones intermedias.<\/p><\/li><li data-start=\"471\" data-end=\"518\"><p data-start=\"473\" data-end=\"518\">Utilizar referencias relativas y absolutas.<\/p><\/li><li data-start=\"519\" data-end=\"565\"><p data-start=\"521\" data-end=\"565\">Crear gr\u00e1ficos y tablas din\u00e1micas b\u00e1sicas.<\/p><\/li><li data-start=\"519\" data-end=\"565\"><p data-start=\"521\" data-end=\"565\"><span style=\"background-color: transparent;letter-spacing: 0.4px\">Mejorar la presentaci\u00f3n con formato condicional y validaci\u00f3n de datos.<\/span><\/p><\/li><\/h2>\t\t\t\t<\/div>\n\t\t\t\t<\/div>\n\t\t\t\t\t<\/div>\n\t\t\t\t<\/div>\n\t\t<div class=\"elementor-element elementor-element-1971c54 e-flex e-con-boxed e-con e-parent\" data-id=\"1971c54\" data-element_type=\"container\" data-e-type=\"container\">\n\t\t\t\t\t<div class=\"e-con-inner\">\n\t\t\t\t<div class=\"elementor-element elementor-element-7665cac elementor-widget elementor-widget-n-accordion\" data-id=\"7665cac\" data-element_type=\"widget\" data-e-type=\"widget\" data-settings=\"{&quot;default_state&quot;:&quot;expanded&quot;,&quot;max_items_expended&quot;:&quot;one&quot;,&quot;n_accordion_animation_duration&quot;:{&quot;unit&quot;:&quot;ms&quot;,&quot;size&quot;:400,&quot;sizes&quot;:[]}}\" data-widget_type=\"nested-accordion.default\">\n\t\t\t\t<div class=\"elementor-widget-container\">\n\t\t\t\t\t\t\t<div class=\"e-n-accordion\" aria-label=\"Accordion. Open links with Enter or Space, close with Escape, and navigate with Arrow Keys\">\n\t\t\t\t\t\t<details id=\"e-n-accordion-item-1240\" class=\"e-n-accordion-item\" open>\n\t\t\t\t<summary class=\"e-n-accordion-item-title\" data-accordion-index=\"1\" tabindex=\"0\" aria-expanded=\"true\" aria-controls=\"e-n-accordion-item-1240\" >\n\t\t\t\t\t<span class='e-n-accordion-item-title-header'><div class=\"e-n-accordion-item-title-text\"> M\u00d3DULO 1: REPASO Y  FUNDAMENTOS  CLAVE <\/div><\/span>\n\t\t\t\t\t\t\t<span class='e-n-accordion-item-title-icon'>\n\t\t\t<span class='e-opened' ><svg aria-hidden=\"true\" class=\"e-font-icon-svg e-fas-minus\" viewBox=\"0 0 448 512\" xmlns=\"http:\/\/www.w3.org\/2000\/svg\"><path d=\"M416 208H32c-17.67 0-32 14.33-32 32v32c0 17.67 14.33 32 32 32h384c17.67 0 32-14.33 32-32v-32c0-17.67-14.33-32-32-32z\"><\/path><\/svg><\/span>\n\t\t\t<span class='e-closed'><svg aria-hidden=\"true\" class=\"e-font-icon-svg e-fas-plus\" viewBox=\"0 0 448 512\" xmlns=\"http:\/\/www.w3.org\/2000\/svg\"><path d=\"M416 208H272V64c0-17.67-14.33-32-32-32h-32c-17.67 0-32 14.33-32 32v144H32c-17.67 0-32 14.33-32 32v32c0 17.67 14.33 32 32 32h144v144c0 17.67 14.33 32 32 32h32c17.67 0 32-14.33 32-32V304h144c17.67 0 32-14.33 32-32v-32c0-17.67-14.33-32-32-32z\"><\/path><\/svg><\/span>\n\t\t<\/span>\n\n\t\t\t\t\t\t<\/summary>\n\t\t\t\t<div role=\"region\" aria-labelledby=\"e-n-accordion-item-1240\" class=\"elementor-element elementor-element-7cbabdc e-con-full e-flex e-con e-child\" data-id=\"7cbabdc\" data-element_type=\"container\" data-e-type=\"container\">\n\t\t\t\t<div class=\"elementor-element elementor-element-3640ee8 elementor-widget elementor-widget-text-editor\" data-id=\"3640ee8\" data-element_type=\"widget\" data-e-type=\"widget\" data-widget_type=\"text-editor.default\">\n\t\t\t\t<div class=\"elementor-widget-container\">\n\t\t\t\t\t\t\t\t\t<ul><li>Repaso de conceptos b\u00e1sicos de Excel<\/li><li>Tipos de datos y formatos avanzados<\/li><li>Uso eficiente de hojas y libros<\/li><li>Referencias relativas, absolutas y mixtas<\/li><\/ul>\t\t\t\t\t\t\t\t<\/div>\n\t\t\t\t<\/div>\n\t\t\t\t<\/div>\n\t\t\t\t\t<\/details>\n\t\t\t\t\t\t<details id=\"e-n-accordion-item-1241\" class=\"e-n-accordion-item\" >\n\t\t\t\t<summary class=\"e-n-accordion-item-title\" data-accordion-index=\"2\" tabindex=\"-1\" aria-expanded=\"false\" aria-controls=\"e-n-accordion-item-1241\" >\n\t\t\t\t\t<span class='e-n-accordion-item-title-header'><div class=\"e-n-accordion-item-title-text\"> M\u00d3DULO 2: F\u00d3RMULAS Y  FUNCIONES  INTERMEDIAS <\/div><\/span>\n\t\t\t\t\t\t\t<span class='e-n-accordion-item-title-icon'>\n\t\t\t<span class='e-opened' ><svg aria-hidden=\"true\" class=\"e-font-icon-svg e-fas-minus\" viewBox=\"0 0 448 512\" xmlns=\"http:\/\/www.w3.org\/2000\/svg\"><path d=\"M416 208H32c-17.67 0-32 14.33-32 32v32c0 17.67 14.33 32 32 32h384c17.67 0 32-14.33 32-32v-32c0-17.67-14.33-32-32-32z\"><\/path><\/svg><\/span>\n\t\t\t<span class='e-closed'><svg aria-hidden=\"true\" class=\"e-font-icon-svg e-fas-plus\" viewBox=\"0 0 448 512\" xmlns=\"http:\/\/www.w3.org\/2000\/svg\"><path d=\"M416 208H272V64c0-17.67-14.33-32-32-32h-32c-17.67 0-32 14.33-32 32v144H32c-17.67 0-32 14.33-32 32v32c0 17.67 14.33 32 32 32h144v144c0 17.67 14.33 32 32 32h32c17.67 0 32-14.33 32-32V304h144c17.67 0 32-14.33 32-32v-32c0-17.67-14.33-32-32-32z\"><\/path><\/svg><\/span>\n\t\t<\/span>\n\n\t\t\t\t\t\t<\/summary>\n\t\t\t\t<div role=\"region\" aria-labelledby=\"e-n-accordion-item-1241\" class=\"elementor-element elementor-element-ed0fb42 e-con-full e-flex e-con e-child\" data-id=\"ed0fb42\" data-element_type=\"container\" data-e-type=\"container\">\n\t\t\t\t<div class=\"elementor-element elementor-element-25208c7 elementor-widget elementor-widget-text-editor\" data-id=\"25208c7\" data-element_type=\"widget\" data-e-type=\"widget\" data-widget_type=\"text-editor.default\">\n\t\t\t\t<div class=\"elementor-widget-container\">\n\t\t\t\t\t\t\t\t\t<ul><li>Funciones l\u00f3gicas (SI, Y, O)<\/li><li>Funciones de texto (CONCATENAR, IZQUIERDA, DERECHA, LARGO)<\/li><li>Funciones de fecha y hora (HOY, AHORA, DIAS, MES, A\u00d1O)<\/li><li>Funciones de b\u00fasqueda (BUSCARV \/ BUSCARX o BUSCARH seg\u00fan versi\u00f3n)<\/li><\/ul>\t\t\t\t\t\t\t\t<\/div>\n\t\t\t\t<\/div>\n\t\t\t\t<\/div>\n\t\t\t\t\t<\/details>\n\t\t\t\t\t\t<details id=\"e-n-accordion-item-1242\" class=\"e-n-accordion-item\" >\n\t\t\t\t<summary class=\"e-n-accordion-item-title\" data-accordion-index=\"3\" tabindex=\"-1\" aria-expanded=\"false\" aria-controls=\"e-n-accordion-item-1242\" >\n\t\t\t\t\t<span class='e-n-accordion-item-title-header'><div class=\"e-n-accordion-item-title-text\"> M\u00d3DULO 3: MANEJO Y  AN\u00c1LISIS DE  DATOS <\/div><\/span>\n\t\t\t\t\t\t\t<span class='e-n-accordion-item-title-icon'>\n\t\t\t<span class='e-opened' ><svg aria-hidden=\"true\" class=\"e-font-icon-svg e-fas-minus\" viewBox=\"0 0 448 512\" xmlns=\"http:\/\/www.w3.org\/2000\/svg\"><path d=\"M416 208H32c-17.67 0-32 14.33-32 32v32c0 17.67 14.33 32 32 32h384c17.67 0 32-14.33 32-32v-32c0-17.67-14.33-32-32-32z\"><\/path><\/svg><\/span>\n\t\t\t<span class='e-closed'><svg aria-hidden=\"true\" class=\"e-font-icon-svg e-fas-plus\" viewBox=\"0 0 448 512\" xmlns=\"http:\/\/www.w3.org\/2000\/svg\"><path d=\"M416 208H272V64c0-17.67-14.33-32-32-32h-32c-17.67 0-32 14.33-32 32v144H32c-17.67 0-32 14.33-32 32v32c0 17.67 14.33 32 32 32h144v144c0 17.67 14.33 32 32 32h32c17.67 0 32-14.33 32-32V304h144c17.67 0 32-14.33 32-32v-32c0-17.67-14.33-32-32-32z\"><\/path><\/svg><\/span>\n\t\t<\/span>\n\n\t\t\t\t\t\t<\/summary>\n\t\t\t\t<div role=\"region\" aria-labelledby=\"e-n-accordion-item-1242\" class=\"elementor-element elementor-element-833b6c1 e-con-full e-flex e-con e-child\" data-id=\"833b6c1\" data-element_type=\"container\" data-e-type=\"container\">\n\t\t\t\t<div class=\"elementor-element elementor-element-aca5db7 elementor-widget elementor-widget-text-editor\" data-id=\"aca5db7\" data-element_type=\"widget\" data-e-type=\"widget\" data-widget_type=\"text-editor.default\">\n\t\t\t\t<div class=\"elementor-widget-container\">\n\t\t\t\t\t\t\t\t\t<ul><li>Ordenar datos avanzados<\/li><li>Filtros personalizados<\/li><li>Tablas de Excel<\/li><li>Validaci\u00f3n de datos<\/li><li>Eliminaci\u00f3n de duplicados<\/li><\/ul>\t\t\t\t\t\t\t\t<\/div>\n\t\t\t\t<\/div>\n\t\t\t\t<\/div>\n\t\t\t\t\t<\/details>\n\t\t\t\t\t\t<details id=\"e-n-accordion-item-1243\" class=\"e-n-accordion-item\" >\n\t\t\t\t<summary class=\"e-n-accordion-item-title\" data-accordion-index=\"4\" tabindex=\"-1\" aria-expanded=\"false\" aria-controls=\"e-n-accordion-item-1243\" >\n\t\t\t\t\t<span class='e-n-accordion-item-title-header'><div class=\"e-n-accordion-item-title-text\"> GR\u00c1FICOS Y  VISUALIZACI\u00d3N <\/div><\/span>\n\t\t\t\t\t\t\t<span class='e-n-accordion-item-title-icon'>\n\t\t\t<span class='e-opened' ><svg aria-hidden=\"true\" class=\"e-font-icon-svg e-fas-minus\" viewBox=\"0 0 448 512\" xmlns=\"http:\/\/www.w3.org\/2000\/svg\"><path d=\"M416 208H32c-17.67 0-32 14.33-32 32v32c0 17.67 14.33 32 32 32h384c17.67 0 32-14.33 32-32v-32c0-17.67-14.33-32-32-32z\"><\/path><\/svg><\/span>\n\t\t\t<span class='e-closed'><svg aria-hidden=\"true\" class=\"e-font-icon-svg e-fas-plus\" viewBox=\"0 0 448 512\" xmlns=\"http:\/\/www.w3.org\/2000\/svg\"><path d=\"M416 208H272V64c0-17.67-14.33-32-32-32h-32c-17.67 0-32 14.33-32 32v144H32c-17.67 0-32 14.33-32 32v32c0 17.67 14.33 32 32 32h144v144c0 17.67 14.33 32 32 32h32c17.67 0 32-14.33 32-32V304h144c17.67 0 32-14.33 32-32v-32c0-17.67-14.33-32-32-32z\"><\/path><\/svg><\/span>\n\t\t<\/span>\n\n\t\t\t\t\t\t<\/summary>\n\t\t\t\t<div role=\"region\" aria-labelledby=\"e-n-accordion-item-1243\" class=\"elementor-element elementor-element-7a5fdae e-flex e-con-boxed e-con e-child\" data-id=\"7a5fdae\" data-element_type=\"container\" data-e-type=\"container\">\n\t\t\t\t\t<div class=\"e-con-inner\">\n\t\t\t\t<div class=\"elementor-element elementor-element-04365da elementor-widget elementor-widget-text-editor\" data-id=\"04365da\" data-element_type=\"widget\" data-e-type=\"widget\" data-widget_type=\"text-editor.default\">\n\t\t\t\t<div class=\"elementor-widget-container\">\n\t\t\t\t\t\t\t\t\t<ul><li>Creaci\u00f3n de gr\u00e1ficos intermedios<\/li><li>Personalizaci\u00f3n de gr\u00e1ficos<\/li><li>Uso de gr\u00e1ficos din\u00e1micos<\/li><li>Buenas pr\u00e1cticas para la visualizaci\u00f3n de datos<\/li><\/ul>\t\t\t\t\t\t\t\t<\/div>\n\t\t\t\t<\/div>\n\t\t\t\t\t<\/div>\n\t\t\t\t<\/div>\n\t\t\t\t\t<\/details>\n\t\t\t\t\t\t<details id=\"e-n-accordion-item-1244\" class=\"e-n-accordion-item\" >\n\t\t\t\t<summary class=\"e-n-accordion-item-title\" data-accordion-index=\"5\" tabindex=\"-1\" aria-expanded=\"false\" aria-controls=\"e-n-accordion-item-1244\" >\n\t\t\t\t\t<span class='e-n-accordion-item-title-header'><div class=\"e-n-accordion-item-title-text\"> TABLAS  DIN\u00c1MICAS <\/div><\/span>\n\t\t\t\t\t\t\t<span class='e-n-accordion-item-title-icon'>\n\t\t\t<span class='e-opened' ><svg aria-hidden=\"true\" class=\"e-font-icon-svg e-fas-minus\" viewBox=\"0 0 448 512\" xmlns=\"http:\/\/www.w3.org\/2000\/svg\"><path d=\"M416 208H32c-17.67 0-32 14.33-32 32v32c0 17.67 14.33 32 32 32h384c17.67 0 32-14.33 32-32v-32c0-17.67-14.33-32-32-32z\"><\/path><\/svg><\/span>\n\t\t\t<span class='e-closed'><svg aria-hidden=\"true\" class=\"e-font-icon-svg e-fas-plus\" viewBox=\"0 0 448 512\" xmlns=\"http:\/\/www.w3.org\/2000\/svg\"><path d=\"M416 208H272V64c0-17.67-14.33-32-32-32h-32c-17.67 0-32 14.33-32 32v144H32c-17.67 0-32 14.33-32 32v32c0 17.67 14.33 32 32 32h144v144c0 17.67 14.33 32 32 32h32c17.67 0 32-14.33 32-32V304h144c17.67 0 32-14.33 32-32v-32c0-17.67-14.33-32-32-32z\"><\/path><\/svg><\/span>\n\t\t<\/span>\n\n\t\t\t\t\t\t<\/summary>\n\t\t\t\t<div role=\"region\" aria-labelledby=\"e-n-accordion-item-1244\" class=\"elementor-element elementor-element-87dd9e0 e-flex e-con-boxed e-con e-child\" data-id=\"87dd9e0\" data-element_type=\"container\" data-e-type=\"container\">\n\t\t\t\t\t<div class=\"e-con-inner\">\n\t\t\t\t<div class=\"elementor-element elementor-element-b17d05b elementor-widget elementor-widget-text-editor\" data-id=\"b17d05b\" data-element_type=\"widget\" data-e-type=\"widget\" data-widget_type=\"text-editor.default\">\n\t\t\t\t<div class=\"elementor-widget-container\">\n\t\t\t\t\t\t\t\t\t<ul><li>Creaci\u00f3n de tablas din\u00e1micas<\/li><li>Organizaci\u00f3n y segmentaci\u00f3n de informaci\u00f3n<\/li><li>Campos calculados<\/li><li>Actualizaci\u00f3n y formato de tablas din\u00e1micas<\/li><\/ul>\t\t\t\t\t\t\t\t<\/div>\n\t\t\t\t<\/div>\n\t\t\t\t\t<\/div>\n\t\t\t\t<\/div>\n\t\t\t\t\t<\/details>\n\t\t\t\t\t\t<details id=\"e-n-accordion-item-1245\" class=\"e-n-accordion-item\" >\n\t\t\t\t<summary class=\"e-n-accordion-item-title\" data-accordion-index=\"6\" tabindex=\"-1\" aria-expanded=\"false\" aria-controls=\"e-n-accordion-item-1245\" >\n\t\t\t\t\t<span class='e-n-accordion-item-title-header'><div class=\"e-n-accordion-item-title-text\"> IMPRESI\u00d3N,  REPORTES Y  PRODUCTIVIDAD <\/div><\/span>\n\t\t\t\t\t\t\t<span class='e-n-accordion-item-title-icon'>\n\t\t\t<span class='e-opened' ><svg aria-hidden=\"true\" class=\"e-font-icon-svg e-fas-minus\" viewBox=\"0 0 448 512\" xmlns=\"http:\/\/www.w3.org\/2000\/svg\"><path d=\"M416 208H32c-17.67 0-32 14.33-32 32v32c0 17.67 14.33 32 32 32h384c17.67 0 32-14.33 32-32v-32c0-17.67-14.33-32-32-32z\"><\/path><\/svg><\/span>\n\t\t\t<span class='e-closed'><svg aria-hidden=\"true\" class=\"e-font-icon-svg e-fas-plus\" viewBox=\"0 0 448 512\" xmlns=\"http:\/\/www.w3.org\/2000\/svg\"><path d=\"M416 208H272V64c0-17.67-14.33-32-32-32h-32c-17.67 0-32 14.33-32 32v144H32c-17.67 0-32 14.33-32 32v32c0 17.67 14.33 32 32 32h144v144c0 17.67 14.33 32 32 32h32c17.67 0 32-14.33 32-32V304h144c17.67 0 32-14.33 32-32v-32c0-17.67-14.33-32-32-32z\"><\/path><\/svg><\/span>\n\t\t<\/span>\n\n\t\t\t\t\t\t<\/summary>\n\t\t\t\t<div role=\"region\" aria-labelledby=\"e-n-accordion-item-1245\" class=\"elementor-element elementor-element-7321c47 e-flex e-con-boxed e-con e-child\" data-id=\"7321c47\" data-element_type=\"container\" data-e-type=\"container\">\n\t\t\t\t\t<div class=\"e-con-inner\">\n\t\t\t\t<div class=\"elementor-element elementor-element-a9bdb3c elementor-widget elementor-widget-text-editor\" data-id=\"a9bdb3c\" data-element_type=\"widget\" data-e-type=\"widget\" data-widget_type=\"text-editor.default\">\n\t\t\t\t<div class=\"elementor-widget-container\">\n\t\t\t\t\t\t\t\t\t<ul><li>Configuraci\u00f3n avanzada de impresi\u00f3n<\/li><li>Dise\u00f1o de reportes en Excel<\/li><li>Protecci\u00f3n de hojas y libros<\/li><li>Atajos y herramientas para mejorar la productividad<\/li><\/ul>\t\t\t\t\t\t\t\t<\/div>\n\t\t\t\t<\/div>\n\t\t<div role=\"region\" aria-labelledby=\"e-n-accordion-item-1245\" class=\"elementor-element elementor-element-8272621 e-con-full e-flex e-con e-child\" data-id=\"8272621\" data-element_type=\"container\" data-e-type=\"container\">\n\t\t\t\t<\/div>\n\t\t\t\t\t<\/div>\n\t\t\t\t<\/div>\n\t\t\t\t\t<\/details>\n\t\t\t\t\t<\/div>\n\t\t\t\t\t\t<\/div>\n\t\t\t\t<\/div>\n\t\t\t\t\t<\/div>\n\t\t\t\t<\/div>\n\t\t<div class=\"elementor-element elementor-element-272ab3b e-flex e-con-boxed e-con e-parent\" data-id=\"272ab3b\" data-element_type=\"container\" data-e-type=\"container\">\n\t\t\t\t\t<div class=\"e-con-inner\">\n\t\t\t\t<div class=\"elementor-element elementor-element-dd17c46 elementor-widget elementor-widget-elementskit-social-media\" data-id=\"dd17c46\" data-element_type=\"widget\" data-e-type=\"widget\" data-widget_type=\"elementskit-social-media.default\">\n\t\t\t\t<div class=\"elementor-widget-container\">\n\t\t\t\t\t<div class=\"ekit-wid-con\" >\t\t\t <ul class=\"ekit_social_media\">\n\t\t\t\t\t\t\t\t\t\t\t\t\t\t<li class=\"elementor-repeater-item-71757d0\">\n\t\t\t\t\t    <a\n\t\t\t\t\t\thref=\"https:\/\/www.facebook.com\/share\/17yfXwejj6\/\" aria-label=\"Facebook\" class=\"facebook\" >\n\t\t\t\t\t\t\t\n\t\t\t\t\t\t\t<i aria-hidden=\"true\" class=\"icon icon-facebook\"><\/i>\n                                                                                                            <\/a>\n                    <\/li>\n                    \t\t\t\t\t\t\t\t\t\t\t\t\t\t<li class=\"elementor-repeater-item-941f8bf\">\n\t\t\t\t\t    <a\n\t\t\t\t\t\thref=\"https:\/\/wa.me\/593991344763\" aria-label=\"Twitter\" class=\"1\" >\n\t\t\t\t\t\t\t\n\t\t\t\t\t\t\t<i aria-hidden=\"true\" class=\"icon icon-whatsapp-1\"><\/i>\n                                                                                                            <\/a>\n                    <\/li>\n                    \t\t\t\t\t\t\t<\/ul>\n\t\t<\/div>\t\t\t\t<\/div>\n\t\t\t\t<\/div>\n\t\t\t\t\t<\/div>\n\t\t\t\t<\/div>\n\t\t<div class=\"elementor-element elementor-element-a79f668 e-flex e-con-boxed e-con e-parent\" data-id=\"a79f668\" data-element_type=\"container\" data-e-type=\"container\">\n\t\t\t\t\t<div class=\"e-con-inner\">\n\t\t\t\t\t<\/div>\n\t\t\t\t<\/div>\n\t\t\t\t<\/div>\n\t\t","protected":false},"excerpt":{"rendered":"<p>CURSO &#8211; EXCEL NIVEL INTERMEDIO OBJETIVOS DEL CURSO Formar participantes competentes en el uso intermedio de Microsoft Excel, fortaleciendo sus habilidades para analizar, procesar y presentar informaci\u00f3n mediante el uso de herramientas avanzadas de hojas de c\u00e1lculo, optimizando la toma de decisiones y la productividad en contextos acad\u00e9micos, administrativos y laborales. OBJETIVOS ESPEC\u00cdFICOS Identificar herramientas [&hellip;]<\/p>\n","protected":false},"author":1,"featured_media":0,"parent":0,"menu_order":0,"comment_status":"closed","ping_status":"closed","template":"","meta":{"footnotes":""},"class_list":["post-23789","page","type-page","status-publish","hentry"],"_links":{"self":[{"href":"https:\/\/cfm.com.ec\/index.php\/wp-json\/wp\/v2\/pages\/23789","targetHints":{"allow":["GET"]}}],"collection":[{"href":"https:\/\/cfm.com.ec\/index.php\/wp-json\/wp\/v2\/pages"}],"about":[{"href":"https:\/\/cfm.com.ec\/index.php\/wp-json\/wp\/v2\/types\/page"}],"author":[{"embeddable":true,"href":"https:\/\/cfm.com.ec\/index.php\/wp-json\/wp\/v2\/users\/1"}],"replies":[{"embeddable":true,"href":"https:\/\/cfm.com.ec\/index.php\/wp-json\/wp\/v2\/comments?post=23789"}],"version-history":[{"count":3,"href":"https:\/\/cfm.com.ec\/index.php\/wp-json\/wp\/v2\/pages\/23789\/revisions"}],"predecessor-version":[{"id":23792,"href":"https:\/\/cfm.com.ec\/index.php\/wp-json\/wp\/v2\/pages\/23789\/revisions\/23792"}],"wp:attachment":[{"href":"https:\/\/cfm.com.ec\/index.php\/wp-json\/wp\/v2\/media?parent=23789"}],"curies":[{"name":"wp","href":"https:\/\/api.w.org\/{rel}","templated":true}]}}